{"id":10,"date":"2024-08-12T16:12:17","date_gmt":"2024-08-12T16:12:17","guid":{"rendered":"https:\/\/globaleps88.com\/?page_id=10"},"modified":"2024-09-06T14:03:19","modified_gmt":"2024-09-06T14:03:19","slug":"inicio","status":"publish","type":"page","link":"https:\/\/globaleps88.com\/it\/","title":{"rendered":"Inizio"},"content":{"rendered":"<!DOCTYPE html>\n<html lang=\"en\">\n\n<head>\n    <meta charset=\"utf-8\">\n    <title>GEPS<\/title>\n    <meta content=\"width=device-width, initial-scale=1.0\" name=\"viewport\">\n    <meta content=\"Free HTML Templates\" name=\"keywords\">\n    <meta content=\"Free HTML Templates\" name=\"description\">\n\n    <!-- Favicon -->\n    <link href=\"https:\/\/globaleps88.com\/wp-content\/themes\/bAstra\/assets\/img\/favicon.ico\" rel=\"icon\">\n\n    <!-- Google Web Fonts -->\n    <link rel=\"preconnect\" href=\"https:\/\/fonts.gstatic.com\">\n    <link href=\"https:\/\/fonts.googleapis.com\/css2?family=Poppins:wght@100;200;300;400;500;600;700;800;900&#038;display=swap\" rel=\"stylesheet\">\n\n    <!-- Font Awesome -->\n    <link href=\"https:\/\/cdnjs.cloudflare.com\/ajax\/libs\/font-awesome\/5.10.0\/css\/all.min.css\" rel=\"stylesheet\">\n    <script src=\"https:\/\/kit.fontawesome.com\/49286760f0.js\" crossorigin=\"anonymous\"><\/script>\n\n    <!-- Libraries Stylesheet -->\n    <link href=\"https:\/\/globaleps88.com\/wp-content\/themes\/bAstra\/assets\/lib\/owlcarousel\/assets\/owl.carousel.min.css\" rel=\"stylesheet\">\n\n    <!-- Customized Bootstrap Stylesheet -->\n    <link href=\"https:\/\/globaleps88.com\/wp-content\/themes\/bAstra\/assets\/css\/style.css\" rel=\"stylesheet\">\n    <link href=\"https:\/\/globaleps88.com\/wp-content\/themes\/bAstra\/assets\/css\/responsive.css\" rel=\"stylesheet\">\n<\/head>\n\n<body>\n    <!-- Navbar Start -->\n    <div class=\"container-fluid p-0 header\">\n        <nav class=\"navbar navbar-expand-lg navbar-light py-3 py-lg-0 px-lg-5\">\n            <a href=\"https:\/\/globaleps88.com\/it\/\" class=\"navbar-brand ml-lg-3\">\n                <img decoding=\"async\" src=\"https:\/\/globaleps88.com\/wp-content\/uploads\/2024\/08\/logo-header.png\" alt=\"\">\n            <\/a>\n\n            <button type=\"button\" class=\"navbar-toggler\" data-toggle=\"collapse\" data-target=\"#navbarCollapse\">\n                <span class=\"navbar-toggler-icon\"><\/span>\n            <\/button>\n\n            <div class=\"collapse navbar-collapse justify-content-between px-lg-3\" id=\"navbarCollapse\">\n                <div class=\"navbar-nav m-auto py-0\">\n                    <a href=\"https:\/\/globaleps88.com\/it\/\" class=\"nav-item nav-link active\">Inizio<\/a>\n\n                    <a href=\"https:\/\/globaleps88.com\/it\/quienes-somos\/\" class=\"nav-item nav-link\">Chi siamo<\/a>\n\n                    <a href=\"https:\/\/globaleps88.com\/it\/servicios\/\" class=\"nav-item nav-link\">Servizi<\/a>\n\n                    <a href=\"https:\/\/globaleps88.com\/it\/contactanos\/\" class=\"nav-item nav-link\">Contatto<\/a>\n\n                    <a href=\"https:\/\/globaleps88.com\/it\/cotizacion\/\" class=\"nav-item nav-link\">Prezzo<\/a>\n                <\/div>\n            <\/div>\n        <\/nav>\n    <\/div>\n    <!-- Navbar End -->\n\n    <!-- Header Start -->\n    <div class=\"banner_main\">\n        <div class=\"container contain-hero-home\">\n            <div class=\"col-hero-homes1 col-hero-home\">\n                <h2 class=\"heading-home\">ingegneria e <br>manutenzione<\/h2>\n\n                <div class=\"underline underline-hero-home\"><\/div>\n\n                <h5 class=\"subhead-home\">Affidati alla nostra esperienza e dedizione per prestazioni senza eguali.<\/h5>\n\n                <div class=\"btns-hero\">\n                    <div class=\"col-btn1 col-btns\">\n                        <a href=\"https:\/\/globaleps88.com\/it\/contactanos\/\" class=\"btns-arriba\">contattaci<\/a>\n                    <\/div>\n\n                    <div class=\"col-btn2 col-btns\">\n                        <a href=\"https:\/\/globaleps88.com\/it\/servicios\/\" class=\"btns-arriba\">servizi<\/a>\n                    <\/div>\n                <\/div>\n            <\/div>\n\n            <div class=\"col-hero-homes2 col-hero-home\">\n                <img decoding=\"async\" src=\"https:\/\/globaleps88.com\/wp-content\/uploads\/2024\/08\/hombre-hero.png\" alt=\"\">\n            <\/div>\n        <\/div>\n    <\/div>\n    <!-- Header End -->\n\n    <!-- Separaci\u00f3n Start -->\n    <img decoding=\"async\" src=\"https:\/\/globaleps88.com\/wp-content\/uploads\/2024\/08\/separacion.jpg\" alt=\"\" class=\"separacion\">\n    <!-- Separaci\u00f3n End -->\n\n    <!-- About Start -->\n    <div class=\"container-fluid py-5\">\n        <img decoding=\"async\" src=\"https:\/\/globaleps88.com\/wp-content\/uploads\/2024\/08\/flecha.png\" alt=\"\" class=\"flcha-1 flcha\">\n\n        <div class=\"container contain-nosotros\">\n            <div class=\"col-sobre-nosotros1 col-nosotros-home\">\n                <img decoding=\"async\" src=\"https:\/\/globaleps88.com\/wp-content\/uploads\/2024\/08\/logo-somos.png\" alt=\"\">\n            <\/div>\n\n            <div class=\"col-sobre-nosotros2 col-nosotros-home\">\n                <h4 class=\"titu-somos-home\">chi<\/h4>\n                <h4 class=\"subra-titu-somos-home\">siamo?<\/h4>\n\n                <p class=\"txt-somos-home\">GEPS \u00e8 stata creata in risposta alla crescente domanda di servizi, consulenza e pezzi realizzati nei vari rami dell'ingegneria a livello mondiale. La nostra azienda \u00e8 nata con lo scopo di soddisfare le esigenze del settore in settori quali l'ingegneria civile, elettrica, meccanica e altre discipline correlate.<\/p>\n\n                <a class=\"btn-somos-home\" href=\"#\">Vedi di pi\u00f9<\/a>\n            <\/div>\n        <\/div>\n\n        <img decoding=\"async\" src=\"https:\/\/globaleps88.com\/wp-content\/uploads\/2024\/08\/flecha.png\" alt=\"\" class=\"flcha-2 flcha\">\n    <\/div>\n    <!-- About End -->\n\n    <!-- Services Start -->\n    <div class=\"container-fluid pt-5\">\n        <div class=\"container\">\n            <div class=\"text-center pb-2\">\n                <h4 class=\"titu-servis-home\">servizi<\/h4>\n\n                <div class=\"underline underline-servs-home\"><\/div>\n            <\/div>\n\n            <div class=\"servs-home pb-3\">\n                <div class=\"col-servis-home1 col-servs-home\">\n                    <div class=\"servis-home\">\n                        <div class=\"icon-servi-home\">\n                            <img decoding=\"async\" src=\"https:\/\/globaleps88.com\/wp-content\/uploads\/2024\/08\/servicios-01.svg\" alt=\"\">\n                        <\/div>\n\n                        <h6 class=\"titus-servs\">Shopping<\/h6>\n                    <\/div>\n\n                    <p>Siamo qualificati per effettuare gli acquisti di cui avete bisogno in ambito civile ed industriale.<\/p>\n\n                    <a class=\"btn-servis-home\" href=\"\">Vedi di pi\u00f9<\/a>\n                <\/div>\n\n                <div class=\"col-servis-home2 col-servs-home\">\n                    <div class=\"servis-home\">\n                        <div class=\"icon-servi-home\">\n                            <img decoding=\"async\" src=\"https:\/\/globaleps88.com\/wp-content\/uploads\/2024\/08\/servicios-02.svg\" alt=\"\">\n                        <\/div>\n\n                        <h6 class=\"titus-servs\">CONSIGLI E CONSULENZE<\/h6>\n                    <\/div>\n\n                    <p>Abbiamo le conoscenze necessarie per fornirvi una guida per i vostri processi produttivi.<\/p>\n\n                    <a class=\"btn-servis-home\" href=\"\">Vedi di pi\u00f9<\/a>\n                <\/div>\n\n                <div class=\"col-servis-home3 col-servs-home\">\n                    <div class=\"servis-home\">\n                        <div class=\"icon-servi-home\">\n                            <img decoding=\"async\" src=\"https:\/\/globaleps88.com\/wp-content\/uploads\/2024\/08\/servicios-03.svg\" alt=\"\">\n                        <\/div>\n\n                        <h6 class=\"titus-servs\">MANUTENZIONE<\/h6>\n                    <\/div>\n\n                    <p>Possiamo individuare e mettere a vostra disposizione personale qualificato per i servizi di manutenzione.<\/p>\n\n                    <a class=\"btn-servis-home\" href=\"\">Vedi di pi\u00f9<\/a>\n                <\/div>\n            <\/div>\n        <\/div>\n    <\/div>\n    <!-- Services End -->\n\n    <!-- Team Start -->\n    <div class=\"container-fluid pt-5\">\n        <div class=\"container\">\n            <div class=\"text-center pb-2\">\n                <h4 class=\"titu-equip-home\">la nostra squadra<\/h4>\n\n                <div class=\"underline underline-equip-home\"><\/div>\n            <\/div>\n\n            <div class=\"owl-carousel testimonial-carousel\">\n                <div class=\"equipos position-relative p-4\">\n                    <img decoding=\"async\" class=\"img-fluid img-equi\" src=\"https:\/\/globaleps88.com\/wp-content\/uploads\/2024\/09\/team-01.png\" alt=\"\">\n\n                    <p class=\"txt-equi m-0\">Ingeniero<br>civil<\/p>\n                <\/div>\n\n                <div class=\"equipos position-relative p-4\">\n                    <img decoding=\"async\" class=\"img-fluid img-equi\" src=\"https:\/\/globaleps88.com\/wp-content\/uploads\/2024\/08\/img-equipo.png\" alt=\"\">\n\n                    <p class=\"txt-equi m-0\">ingegnere meccanico<\/p>\n                <\/div>\n\n                <div class=\"equipos position-relative p-4\">\n                    <img decoding=\"async\" class=\"img-fluid img-equi\" src=\"https:\/\/globaleps88.com\/wp-content\/uploads\/2024\/09\/team-02.png\" alt=\"\">\n\n                    <p class=\"txt-equi m-0\">Responsabile del progetto<\/p>\n                <\/div>\n\n                <div class=\"equipos position-relative p-4\">\n                    <img decoding=\"async\" class=\"img-fluid img-equi\" src=\"https:\/\/globaleps88.com\/wp-content\/uploads\/2024\/09\/team-03.png\" alt=\"\">\n\n                    <p class=\"txt-equi m-0\">Amministratore del contratto<\/p>\n                <\/div>\n            <\/div>\n        <\/div>\n    <\/div>\n    <!-- Team End -->\n\n    <!-- Testimonial Start -->\n    <div class=\"container-fluid py-5\">\n        <div class=\"container\">\n            <div class=\"text-center pb-2\">\n                <h4 class=\"titu-testi-home\">testimonianze<\/h4>\n\n                <div class=\"underline underline-testi-home\"><\/div>\n            <\/div>\n\n            <div class=\"owl-carousel testimonial-carousel\">\n                <div class=\"testimos position-relative p-4\">\n                    <div class=\"d-flex align-items-center mb-3\">\n                        <img decoding=\"async\" class=\"img-fluid rounded-circle\" src=\"https:\/\/globaleps88.com\/wp-content\/themes\/bAstra\/assets\/img\/testimonial-1.jpg\" style=\"width: 60px; height: 60px;\" alt=\"\">\n\n                        <div class=\"ml-3\">\n                            <h6 class=\"nomb-testi m-0\">ISESAS group<\/h6>\n\n                            <small class=\"firma-testi\">Gestione operativa<\/small>\n                        <\/div>\n                    <\/div>\n\n                    <p class=\"txt-testi m-0\">Trabajar con Maiboa ha sido una experiencia excepcional. Su equipo de expertos nos proporcion\u00f3 una cotizaci\u00f3n detallada y precisa para nuestro proyecto de infraestructura. La calidad de sus servicios y su compromiso con la excelencia nos permiti\u00f3 completar el proyecto dentro del plazo y el presupuesto estimado. Sin duda, los recomendar\u00eda a cualquier empresa en busca de soluciones innovadoras en ingenier\u00eda civil.<\/p>\n                <\/div>\n\n                <div class=\"testimos position-relative p-4\">\n                    <div class=\"d-flex align-items-center mb-3\">\n                        <img decoding=\"async\" class=\"img-fluid rounded-circle\" src=\"https:\/\/globaleps88.com\/wp-content\/themes\/bAstra\/assets\/img\/testimonial-2.jpg\" style=\"width: 60px; height: 60px;\" alt=\"\">\n\n                        <div class=\"ml-3\">\n                            <h6 class=\"nomb-testi m-0\">GESCA<\/h6>\n\n                            <small class=\"firma-testi\">Gestione operativa<\/small>\n                        <\/div>\n                    <\/div>\n\n                    <p class=\"txt-testi m-0\">GEPS \u00e8 diventata il nostro alleato strategico per l'acquisizione di materiale elettrico all'avanguardia. La loro capacit\u00e0 di comprendere le nostre esigenze e di offrire soluzioni personalizzate \u00e8 stata la chiave del successo dei nostri progetti. Apprezziamo la loro professionalit\u00e0 e dedizione e non vediamo l'ora di continuare a collaborare con loro in futuro.<\/p>\n                <\/div>\n\n                <div class=\"testimos position-relative p-4\">\n                    <div class=\"d-flex align-items-center mb-3\">\n                        <img decoding=\"async\" class=\"img-fluid rounded-circle\" src=\"https:\/\/globaleps88.com\/wp-content\/themes\/bAstra\/assets\/img\/testimonial-3.jpg\" style=\"width: 60px; height: 60px;\" alt=\"\">\n\n                        <div class=\"ml-3\">\n                            <h6 class=\"nomb-testi m-0\">Royal Mantis<\/h6>\n\n                            <small class=\"firma-testi\">Gestione operativa<\/small>\n                        <\/div>\n                    <\/div>\n\n                    <p class=\"txt-testi m-0\">I consigli e la consulenza di ingegneria meccanica che abbiamo ricevuto hanno superato le nostre aspettative. Il loro approccio meticoloso e l'attenzione ai dettagli ci hanno permesso di ottimizzare la progettazione e il funzionamento delle nostre macchine. Siamo molto soddisfatti dei risultati e raccomandiamo i loro servizi a qualsiasi azienda che cerchi l'eccellenza ingegneristica.<\/p>\n                <\/div>\n\n                <div class=\"testimos position-relative p-4\">\n                    <div class=\"d-flex align-items-center mb-3\">\n                        <img decoding=\"async\" class=\"img-fluid rounded-circle\" src=\"https:\/\/globaleps88.com\/wp-content\/themes\/bAstra\/assets\/img\/testimonial-4.jpg\" style=\"width: 60px; height: 60px;\" alt=\"\">\n\n                        <div class=\"ml-3\">\n                            <h6 class=\"nomb-testi m-0\">Global Mercis<\/h6>\n\n                            <small class=\"firma-testi\">Gestione operativa<\/small>\n                        <\/div>\n                    <\/div>\n\n                    <p class=\"txt-testi m-0\">In GEPS si sono rivelati partner affidabili ed efficienti nella gestione dei nostri acquisti internazionali. La sua rete di fornitori e la sua conoscenza del mercato globale ci hanno permesso di acquisire materiali di alta qualit\u00e0 a prezzi competitivi. Il loro impegno per la soddisfazione del cliente \u00e8 evidente in ogni interazione e siamo grati per il loro continuo supporto.<\/p>\n                <\/div>\n\n                <div class=\"testimos position-relative p-4\">\n                    <div class=\"d-flex align-items-center mb-3\">\n                        <img decoding=\"async\" class=\"img-fluid rounded-circle\" src=\"https:\/\/globaleps88.com\/wp-content\/themes\/bAstra\/assets\/img\/testimonial-4.jpg\" style=\"width: 60px; height: 60px;\" alt=\"\">\n\n                        <div class=\"ml-3\">\n                            <h6 class=\"nomb-testi m-0\">Carlos Mart\u00ednez<\/h6>\n\n                            <small class=\"firma-testi\">Gerente de Proyecto<\/small>\n                        <\/div>\n                    <\/div>\n\n                    <p class=\"txt-testi m-0\">Assumere GEPS \u00e8 stata una delle migliori decisioni che abbiamo preso per il nostro progetto di costruzione. Fin dal primo giorno hanno dimostrato un alto livello di professionalit\u00e0 e attenzione ai dettagli. Il suo team ha lavorato in modo efficiente e ha rispettato tutte le scadenze stabilite, senza compromettere la qualit\u00e0. Ci hanno guidato attraverso ogni fase del progetto, assicurandoci che le nostre esigenze avessero sempre la priorit\u00e0. Siamo estremamente soddisfatti del risultato finale e raccomandiamo i loro servizi senza esitazione.<\/p>\n                <\/div>\n            <\/div>\n        <\/div>\n    <\/div>\n    <!-- Testimonial End -->\n\n    <!--  Quote Request Start -->\n    <div class=\"container-fluid my-5\">\n        <div class=\"container contain-cotiza-home\">\n            <div class=\"col-cotiza-home1 col-cotizar-home\">\n                <h6 class=\"titu-cotiza1\">citazioni<\/h6>\n\n                <h4 class=\"titu-cotiza2\">fatte<\/h4>\n\n                <p class=\"txt-cotiza-home\">Abbiamo avuto il privilegio di lavorare con un'ampia variet\u00e0 di clienti, fornendo loro preventivi dettagliati e accurati che riflettono il nostro impegno per la qualit\u00e0 e l'eccellenza in ogni progetto.<\/p>\n            <\/div>\n\n            <div class=\"col-cotiza-home2 col-cotizar-home\">\n                <div class=\"numb-cotiza\">\n                    <div class=\"col-numer-cotiza1 col-nume-cotiza\">\n                        <h6 class=\"tipo-cotiza\">esperti preparati<\/h6>\n                    <\/div>\n                    \n                    <div class=\"col-numer-cotiza2 col-nume-cotiza\">\n                        <h6 class=\"tipo-cotiza\">clienti felici<\/h6>\n                    <\/div>\n                    \n                    <div class=\"col-numer-cotiza3 col-nume-cotiza\">\n                        <h6 class=\"tipo-cotiza\">progetti completi<\/h6>\n                    <\/div>\n                <\/div>\n            <\/div>\n        <\/div>\n    <\/div>\n    <!-- Quote Request Start -->\n     \n    <!-- Footer Start -->\n    <div class=\"top-foot container-fluid mt-5 py-5 px-sm-3 px-md-5\">\n        <div class=\"container-foot\">\n            <div class=\"items-foot1 item-foot\">\n                <div class=\"icon-foot contac-icon\">\n                    <a href=\"https:\/\/www.instagram.com\/global_engineer?igsh=MTU3NWE1Nm9ybXRqZg==\">\n                        <i class=\"fa-brands fa-instagram\"><\/i>\n                    <\/a>\n                <\/div>\n\n                <div class=\"icon-foot\">\n                    <i class=\"fa-brands fa-facebook\"><\/i>\n                <\/div>\n            <\/div>\n\n            <div class=\"items-foot2 item-foot\">\n                <h6 class=\"titu-foot\">contattaci<\/h6>\n\n                <div class=\"contac-item-foot\">\n                    <a href=\"mailto:bussinessgeps88@gmail.com?body=Ciao, molto bene, vorrei sapere di pi\u00f9 sui vostri servizi.\r\n\r\nHola muy buenas, quisiera saber m\u00e1s sobre sus servicios.\r\n\r\nHello, good day, I would like to know more about the services you offer\">\n                        <i class=\"fa-solid fa-envelope\"><\/i> bussinessgeps88@gmail.com\n                    <\/a>\n                <\/div>\n            <\/div>\n\n            <div class=\"items-foot3 item-foot\">\n                <h6 class=\"titu-foot\">servizi<\/h6>\n\n                <div class=\"servis-list contac-item\">\n                    <a href=\"\">shopping<\/a>\n                <\/div>\n\n                <div class=\"servis-list contac-item\">\n                    <a href=\"\">consigli e consulenze<\/a>\n                <\/div>\n\n                <div class=\"servis-list\">\n                    <a href=\"\">manutenzione<\/a>\n                <\/div>\n            <\/div>\n\n            <div class=\"items-foot4 item-foot\">\n                <h6 class=\"titu-foot\">politiche<\/h6>\n\n                <div class=\"politi-list contac-item\">politiche sulla privacy<\/div>\n\n                <div class=\"politi-list\">Termini e Condizioni<\/div>\n            <\/div>\n\n            <div class=\"items-foot5 item-foot\">\n                <a href=\"https:\/\/globaleps88.com\/it\/\">\n                    <img decoding=\"async\" src=\"https:\/\/globaleps88.com\/wp-content\/uploads\/2024\/08\/logo-header.png\" alt=\"\">\n                <\/a>\n            <\/div>\n        <\/div>\n    <\/div>\n\n    <div class=\"bottom-foot container-fluid\">\n        <div class=\"row row-firm-foot\">\n            <div class=\"col-firma-foot1 col-firm-foot\">\n                <p class=\"firm-foot\">\u00a9 GEPS. Tutti i diritti riservati.\n            <\/div>\n\n            <div class=\"col-firma-foot2 col-firm-foot\">\n                <div class=\"txt-foot\">\n                    <p>Sviluppato da <a class=\"link-dev\" href=\"https:\/\/enfoca2sstudios.com\/\">Enfoca2&#8217;s Studios.<\/a><\/p>\n                <\/div>\n            <\/div>\n        <\/div>\n    <\/div>\n    <!-- Footer End -->\n\n    <!-- Back to Top -->\n    <a href=\"#\" class=\"btn btn-lg back-to-top\"><i class=\"fa fa-angle-double-up\"><\/i><\/a>\n\n    <!-- JavaScript Libraries -->\n    <script src=\"https:\/\/code.jquery.com\/jquery-3.4.1.min.js\"><\/script>\n    <script src=\"https:\/\/stackpath.bootstrapcdn.com\/bootstrap\/4.4.1\/js\/bootstrap.bundle.min.js\"><\/script>\n    <script src=\"https:\/\/maiboa-trading.com\/wp-content\/themes\/bAstra\/assets\/lib\/easing\/easing.min.js\"><\/script>\n    <script src=\"https:\/\/maiboa-trading.com\/wp-content\/themes\/bAstra\/assets\/lib\/waypoints\/waypoints.min.js\"><\/script>\n    <script src=\"https:\/\/maiboa-trading.com\/wp-content\/themes\/bAstra\/assets\/lib\/counterup\/counterup.min.js\"><\/script>\n    <script src=\"https:\/\/maiboa-trading.com\/wp-content\/themes\/bAstra\/assets\/lib\/owlcarousel\/owl.carousel.min.js\"><\/script>\n\n    <!-- Contact Javascript File -->\n    <script src=\"https:\/\/maiboa-trading.com\/wp-content\/themes\/bAstra\/assets\/mail\/jqBootstrapValidation.min.js\"><\/script>\n    <script src=\"https:\/\/maiboa-trading.com\/wp-content\/themes\/bAstra\/assets\/mail\/contact.js\"><\/script>\n\n    <!-- Template Javascript -->\n    <script src=\"https:\/\/maiboa-trading.com\/wp-content\/themes\/bAstra\/assets\/js\/main.js\"><\/script>\n<\/body>\n<\/html>","protected":false},"excerpt":{"rendered":"<p>GEPS Inicio Quienes Somos Servicios Contacto Cotizaci\u00f3n ingenier\u00eda y mantenimiento Conf\u00eda en nuestra experiencia y dedicaci\u00f3n para un rendimiento inigualable. [&hellip;]<\/p>","protected":false},"author":1,"featured_media":0,"parent":0,"menu_order":0,"comment_status":"closed","ping_status":"closed","template":"","meta":{"site-sidebar-layout":"no-sidebar","site-content-layout":"plain-container","ast-site-content-layout":"full-width-container","site-content-style":"unboxed","site-sidebar-style":"unboxed","ast-global-header-display":"disabled","ast-banner-title-visibility":"disabled","ast-main-header-display":"","ast-hfb-above-header-display":"","ast-hfb-below-header-display":"","ast-hfb-mobile-header-display":"","site-post-title":"disabled","ast-breadcrumbs-content":"","ast-featured-img":"","footer-sml-layout":"disabled","theme-transparent-header-meta":"enabled","adv-header-id-meta":"","stick-header-meta":"","header-above-stick-meta":"","header-main-stick-meta":"","header-below-stick-meta":"","astra-migrate-meta-layouts":"default","ast-page-background-enabled":"default","ast-page-background-meta":{"desktop":{"background-color":"var(--ast-global-color-4)","background-image":"","background-repeat":"repeat","background-position":"center center","background-size":"auto","background-attachment":"scroll","background-type":"","background-media":"","overlay-type":"","overlay-color":"","overlay-opacity":"","overlay-gradient":""},"tablet":{"background-color":"","background-image":"","background-repeat":"repeat","background-position":"center center","background-size":"auto","background-attachment":"scroll","background-type":"","background-media":"","overlay-type":"","overlay-color":"","overlay-opacity":"","overlay-gradient":""},"mobile":{"background-color":"","background-image":"","background-repeat":"repeat","background-position":"center center","background-size":"auto","background-attachment":"scroll","background-type":"","background-media":"","overlay-type":"","overlay-color":"","overlay-opacity":"","overlay-gradient":""}},"ast-content-background-meta":{"desktop":{"background-color":"var(--ast-global-color-5)","background-image":"","background-repeat":"repeat","background-position":"center center","background-size":"auto","background-attachment":"scroll","background-type":"","background-media":"","overlay-type":"","overlay-color":"","overlay-opacity":"","overlay-gradient":""},"tablet":{"background-color":"var(--ast-global-color-5)","background-image":"","background-repeat":"repeat","background-position":"center center","background-size":"auto","background-attachment":"scroll","background-type":"","background-media":"","overlay-type":"","overlay-color":"","overlay-opacity":"","overlay-gradient":""},"mobile":{"background-color":"var(--ast-global-color-5)","background-image":"","background-repeat":"repeat","background-position":"center center","background-size":"auto","background-attachment":"scroll","background-type":"","background-media":"","overlay-type":"","overlay-color":"","overlay-opacity":"","overlay-gradient":""}},"footnotes":""},"class_list":["post-10","page","type-page","status-publish","hentry"],"_links":{"self":[{"href":"https:\/\/globaleps88.com\/it\/wp-json\/wp\/v2\/pages\/10"}],"collection":[{"href":"https:\/\/globaleps88.com\/it\/wp-json\/wp\/v2\/pages"}],"about":[{"href":"https:\/\/globaleps88.com\/it\/wp-json\/wp\/v2\/types\/page"}],"author":[{"embeddable":true,"href":"https:\/\/globaleps88.com\/it\/wp-json\/wp\/v2\/users\/1"}],"replies":[{"embeddable":true,"href":"https:\/\/globaleps88.com\/it\/wp-json\/wp\/v2\/comments?post=10"}],"version-history":[{"count":8,"href":"https:\/\/globaleps88.com\/it\/wp-json\/wp\/v2\/pages\/10\/revisions"}],"predecessor-version":[{"id":93,"href":"https:\/\/globaleps88.com\/it\/wp-json\/wp\/v2\/pages\/10\/revisions\/93"}],"wp:attachment":[{"href":"https:\/\/globaleps88.com\/it\/wp-json\/wp\/v2\/media?parent=10"}],"curies":[{"name":"wp","href":"https:\/\/api.w.org\/{rel}","templated":true}]}}